{"id":30902,"date":"2022-07-27T01:19:52","date_gmt":"2022-07-26T23:19:52","guid":{"rendered":"https:\/\/eshobfors-dev.asmws.net\/lista-de-cursos\/"},"modified":"2025-05-27T09:47:57","modified_gmt":"2025-05-27T07:47:57","slug":"llista-de-cursos","status":"publish","type":"page","link":"https:\/\/formacion-cataloniahotels.asmws.net\/ca\/llista-de-cursos\/","title":{"rendered":"Llista de Cursos"},"content":{"rendered":"<p>&nbsp;<br \/>\n            Cursos Subvencionats<br \/>\n                <button  value='1' name='categories' onclick='filterByCategory()' class='container__filters__filter w-top active__btn'>Tots els cursos<\/button><br \/>\n                <button id=\"1f99eb96-d865-4d05-a5ac-b45840cc5b86\" value=\"328486b7-5faa-4b13-864a-133b60dfd2e1\" name=\"categories\" onclick=\"filterByCategory('328486b7-5faa-4b13-864a-133b60dfd2e1', 'Cuina','1664462673cocina.jpg')\">Cuina<\/button><button id=\"c4dfdd91-35bb-4a43-8564-8e787544786a\" value=\"5502b105-08de-43a9-a199-847770129ed0\" name=\"categories\" onclick=\"filterByCategory('5502b105-08de-43a9-a199-847770129ed0', 'Sala','1664462708sala.jpg')\">Sala<\/button><button id=\"ec6d36c1-d41b-4865-8608-214fa66c2563\" value=\"3045172b-fa12-40bd-bcf9-28c50528f17d\" name=\"categories\" onclick=\"filterByCategory('3045172b-fa12-40bd-bcf9-28c50528f17d', 'Vins','1664462716vinos.jpg')\">Vins<\/button><button id=\"d6f29ccf-74ac-4412-b6c8-53faa6feaa75\" value=\"916892ab-983a-4e8b-9857-450b8d05be00\" name=\"categories\" onclick=\"filterByCategory('916892ab-983a-4e8b-9857-450b8d05be00', 'Pastisseria i rebosteria','1664462725pasteleria-y-reposteria.jpg')\">Pastisseria i rebosteria<\/button><button id=\"70d294bc-235f-48dd-9fdc-595177fa30fe\" value=\"60fc0243-4a11-4b74-96aa-123b32d43390\" name=\"categories\" onclick=\"filterByCategory('60fc0243-4a11-4b74-96aa-123b32d43390', 'Hostaleria','1664462734hoteleria.jpg')\">Hostaleria<\/button><button id=\"fc18d68c-50f0-40ff-b38a-e0fd2ae1f3d3\" value=\"194f82fb-0908-40d7-8936-88b346019db3\" name=\"categories\" onclick=\"filterByCategory('194f82fb-0908-40d7-8936-88b346019db3', 'Sostenibilitat','1664462741sostenibilidad.jpg')\">Sostenibilitat<\/button><button id=\"14c9fc00-8eb8-4c6f-9a77-e01741fc5b4f\" value=\"fd4faedd-0cac-426b-a371-93d23d77039c\" name=\"categories\" onclick=\"filterByCategory('fd4faedd-0cac-426b-a371-93d23d77039c', 'Accessibilitat','1664462749accesibilidad.jpg')\">Accessibilitat<\/button><button id=\"dcce775c-1ea8-488b-a9e4-7fe270b5acec\" value=\"b63aff2a-fcd7-4a4d-ac80-b20586242374\" name=\"categories\" onclick=\"filterByCategory('b63aff2a-fcd7-4a4d-ac80-b20586242374', 'Idiomes per a l'hostaleria','1664462755idiomas-para-hosteleria.jpg')\">Idiomes per a l&#8217;hostaleria<\/button><button id=\"e2628737-94bb-4a0a-9110-1b6e01e661d4\" value=\"e3925067-9b08-43ce-b591-bfcc152c5a65\" name=\"categories\" onclick=\"filterByCategory('e3925067-9b08-43ce-b591-bfcc152c5a65', 'Organitzaci\u00f3 i gesti\u00f3','1664462783organizacion-y-gestion.jpg')\">Organitzaci\u00f3 i gesti\u00f3<\/button><button id=\"39b97731-2681-4b50-b3d2-548cc7d4a760\" value=\"8fcd0b47-8c30-4868-82e8-052b15dacdb3\" name=\"categories\" onclick=\"filterByCategory('8fcd0b47-8c30-4868-82e8-052b15dacdb3', 'Digitalitzaci\u00f3 i \u00fas de les xarxes socials','1664462798digitalizacion-y-uso-de-las-redes-sociales.jpg')\">Digitalitzaci\u00f3 i \u00fas de les xarxes socials<\/button><button id=\"844e1804-2d08-407a-bd27-891637a79e01\" value=\"15eb2619-10d9-40de-9270-ed7f6a72eb59\" name=\"categories\" onclick=\"filterByCategory('15eb2619-10d9-40de-9270-ed7f6a72eb59', 'M\u00e0rqueting','1664462808marketing.jpg')\">M\u00e0rqueting<\/button><br \/>\n                <select onchange='getFilteredItems()' id='segment' name='segment' class='container__combos__combo__select'><option value=''>Situaci\u00f3 laboral<\/option><option value=\"11111619-c14c-4a33-8b03-6861af86916e\">Afectat\/ada ERO<\/option><option value=\"33354fb0-4567-401d-a70b-67a606321f02\">Cuidador\/a no professional(CPN)<\/option><option value=\"a106d0a7-b232-4db9-b7ea-702ca8d264c2\">Desocupat<\/option><option value=\"55dfed05-8526-4fda-ae19-11ef801afb79\">ERTO<\/option><option value=\"3370c541-de76-4185-98cd-2a49a54b6112\">Ocupat<\/option><\/select><br \/>\n                <select onchange='getFilteredItems()' id='enrollment' name='enrollment' class='container__combos__combo__select'><option value=''>Inscripcions<\/option><option value='open'>Obertes<\/option><option value='next'>Pr\u00f2ximes<\/option><\/select><br \/>\n                <select onchange='getFilteredItems()' id='schedule' name='schedule' class='container__combos__combo__select'><option value=''>Horari<\/option><option value='morning'>Mat\u00ed<\/option><option value='afternoon'>Tarda<\/option><!-- option value='night'>Noche<\/option --><br \/>\n                <\/select><br \/>\n                <select onchange='getFilteredItems()' id='to_duration' name='to_duration' class='container__combos__combo__select'><option value=''>Durada<\/option><option value='1'>Menys de 20 hores<\/option><\/option><option value='3'>20-40 hores<\/option><option value='4'>M\u00e9s de 40 hores<\/option><\/select><br \/>\n            <!-- div class='container__combos__combo'>\n                <select onchange='getFilteredItems()' name='program' class='container__combos__combo__select'> \n<option value=''>Programas<\/option>\n<option value=\"e45f34ac-0002-444a-ae9d-f07a8d2f6c43\">Gremi d'Hotels de Barcelona<\/option><option value=\"4a3e59a4-a92b-4404-aa58-e73e37827d2b\">Pla Qualificaci\u00f3 2023 (PQ)<\/option><option value=\"0b0b101f-e919-40d9-8acb-d9fa0ac2383f\">Programa sectorial 2022<\/option><option value=\"0a56269a-dde1-4202-94ff-fd976d6bd126\">Pla Qualificaci\u00f3 2022<\/option><option value=\"fc210e5c-ac44-4836-9098-ed668ace83ad\">Gremi d'Hotels de Barcelona 2023<\/option><option value=\"3a7da516-bb6a-47fa-af3b-8949a94e7a8f\">Programa sectorial 2023<\/option><option value=\"2c4062a1-8f14-48dc-8d40-359eb7c10cc6\">Gremi d'Hotels 2023-2024<\/option><option value=\"04e7a2cc-fcb8-4e38-a3f3-317faaeccb8b\">FOAP 2024<\/option><option value=\"961af013-b8ac-4d38-8c29-fce5cfc2982d\">Pla Sectorial 2024 (PS)<\/option><option value=\"9df4c18b-f891-474b-adb6-2f73d2b30552\">Pla Qualificaci\u00f3 2024 (PQ)<\/option>\n                 <\/select>\n                <select onchange='getFilteredItems()' id='localization' name='localization' class='container__combos__combo__select'> \n<option value=''>Localitzaci\u00f3<\/option>\n<option value=\"f0bfcd9d-f184-4448-8c66-2372b7344650\">Girona<\/option><option value=\"38d9ed5e-c481-4cc5-9a3f-973be2f942ec\">Barcelona<\/option>\n                 <\/select>\n\t\t\t\t\t<!-- The Modal --><br \/>\n  <!-- Modal content --><br \/>\n        &times;<\/p>\n<p id='course_name_modal'>Cocina saludable<\/p>\n<p>Rep un av\u00eds al teu email quan s&#8217;obrin les inscripcions per aquest curs.<\/p>\n<p>                    Email<br \/>\n                    <input id='emailavisame' type='text' class='' name='email'><br \/>\n                    Lorem ipsum dolor sit amet, consectetuer adipiscing elit.<br \/>\n                    <input class='wd__checkbox' type='checkbox' id='html' name='fav_language' value='HTML'><br \/>\n                    He llegit i accepto la <a href=\"https:\/\/portalformacion.asmws.net\/ca\/politica-privacitat\/\" target=\"_blank\">pol\u00edtica de privacitat<\/a>.<br \/>\n                <button id=\"modalGroupID\" onclick=\"activeModal()\">ACTIVAR AV\u00cdS <\/button><\/p>\n"},"excerpt":{"rendered":"<p>&nbsp; Cursos Subvencionats Tots els cursos CuinaSalaVinsPastisseria i rebosteriaHostaleriaSostenibilitatAccessibilitatIdiomes per a l&#8217;hostaleriaOrganitzaci\u00f3 i gesti\u00f3Digitalitzaci\u00f3 i \u00fas de les xarxes socialsM\u00e0rqueting Situaci\u00f3 laboralAfectat\/ada EROCuidador\/a no professional(CPN)DesocupatERTOOcupat InscripcionsObertesPr\u00f2ximes HorariMat\u00edTarda DuradaMenys de 20 hores20-40 horesM\u00e9s de 40 hores &times; Cocina saludable Rep un av\u00eds al teu email quan s&#8217;obrin les inscripcions per aquest curs. Email Lorem ipsum dolor [&#8230;]<\/p>\n<p><a class=\"btn btn-secondary understrap-read-more-link\" href=\"https:\/\/formacion-cataloniahotels.asmws.net\/ca\/llista-de-cursos\/\">Continua llegint&#8230;<span class=\"screen-reader-text\"> from Llista de Cursos<\/span><\/a><\/p>\n","protected":false},"author":5,"featured_media":0,"parent":0,"menu_order":0,"comment_status":"closed","ping_status":"closed","template":"lista-de-cursos.php","meta":{"_acf_changed":false,"footnotes":""},"class_list":["post-30902","page","type-page","status-publish","hentry"],"acf":[],"yoast_head":"<!-- This site is optimized with the Yoast SEO plugin v25.2 - https:\/\/yoast.com\/wordpress\/plugins\/seo\/ -->\n<title>Llista de Cursos - Portal Formaci\u00f3n - Catalonia Hotels<\/title>\n<meta name=\"robots\" content=\"noindex, follow, max-snippet:-1, max-image-preview:large, max-video-preview:-1\" \/>\n<meta property=\"og:locale\" content=\"ca_ES\" \/>\n<meta property=\"og:type\" content=\"article\" \/>\n<meta property=\"og:title\" content=\"Llista de Cursos - Portal Formaci\u00f3n - Catalonia Hotels\" \/>\n<meta property=\"og:description\" content=\"&nbsp; Cursos Subvencionats Tots els cursos CuinaSalaVinsPastisseria i rebosteriaHostaleriaSostenibilitatAccessibilitatIdiomes per a l&#8217;hostaleriaOrganitzaci\u00f3 i gesti\u00f3Digitalitzaci\u00f3 i \u00fas de les xarxes socialsM\u00e0rqueting Situaci\u00f3 laboralAfectat\/ada EROCuidador\/a no professional(CPN)DesocupatERTOOcupat InscripcionsObertesPr\u00f2ximes HorariMat\u00edTarda DuradaMenys de 20 hores20-40 horesM\u00e9s de 40 hores &times; Cocina saludable Rep un av\u00eds al teu email quan s&#8217;obrin les inscripcions per aquest curs. Email Lorem ipsum dolor [...]Continua llegint... from Llista de Cursos\" \/>\n<meta property=\"og:url\" content=\"https:\/\/portalformacion.asmws.net\/lista-de-cursos\/\" \/>\n<meta property=\"og:site_name\" content=\"Portal Formaci\u00f3n - Catalonia Hotels\" \/>\n<meta property=\"article:modified_time\" content=\"2025-05-27T07:47:57+00:00\" \/>\n<meta name=\"twitter:card\" content=\"summary_large_image\" \/>\n<meta name=\"twitter:label1\" content=\"Temps estimat de lectura\" \/>\n\t<meta name=\"twitter:data1\" content=\"1 minut\" \/>\n<script type=\"application\/ld+json\" class=\"yoast-schema-graph\">{\"@context\":\"https:\/\/schema.org\",\"@graph\":[{\"@type\":\"WebPage\",\"@id\":\"https:\/\/portalformacion.asmws.net\/lista-de-cursos\/\",\"url\":\"https:\/\/portalformacion.asmws.net\/lista-de-cursos\/\",\"name\":\"Llista de Cursos - Portal Formaci\u00f3n - Catalonia Hotels\",\"isPartOf\":{\"@id\":\"https:\/\/portalformacion.asmws.net\/#website\"},\"datePublished\":\"2022-07-26T23:19:52+00:00\",\"dateModified\":\"2025-05-27T07:47:57+00:00\",\"breadcrumb\":{\"@id\":\"https:\/\/portalformacion.asmws.net\/lista-de-cursos\/#breadcrumb\"},\"inLanguage\":\"ca\",\"potentialAction\":[{\"@type\":\"ReadAction\",\"target\":[\"https:\/\/portalformacion.asmws.net\/lista-de-cursos\/\"]}]},{\"@type\":\"BreadcrumbList\",\"@id\":\"https:\/\/portalformacion.asmws.net\/lista-de-cursos\/#breadcrumb\",\"itemListElement\":[{\"@type\":\"ListItem\",\"position\":1,\"name\":\"Portada\",\"item\":\"https:\/\/portalformacion.asmws.net\/\"},{\"@type\":\"ListItem\",\"position\":2,\"name\":\"Llista de Cursos\"}]},{\"@type\":\"WebSite\",\"@id\":\"https:\/\/portalformacion.asmws.net\/#website\",\"url\":\"https:\/\/portalformacion.asmws.net\/\",\"name\":\"ASMTCH Formaci\u00f3n\",\"description\":\"\",\"publisher\":{\"@id\":\"https:\/\/portalformacion.asmws.net\/#organization\"},\"potentialAction\":[{\"@type\":\"SearchAction\",\"target\":{\"@type\":\"EntryPoint\",\"urlTemplate\":\"https:\/\/portalformacion.asmws.net\/?s={search_term_string}\"},\"query-input\":{\"@type\":\"PropertyValueSpecification\",\"valueRequired\":true,\"valueName\":\"search_term_string\"}}],\"inLanguage\":\"ca\"},{\"@type\":\"Organization\",\"@id\":\"https:\/\/portalformacion.asmws.net\/#organization\",\"name\":\"ASMTCH Formaci\u00f3n\",\"url\":\"https:\/\/portalformacion.asmws.net\/\",\"logo\":{\"@type\":\"ImageObject\",\"inLanguage\":\"ca\",\"@id\":\"https:\/\/portalformacion.asmws.net\/#\/schema\/logo\/image\/\",\"url\":\"https:\/\/formacion-cataloniahotels.asmws.net\/wp-content\/uploads\/2026\/03\/logo-catalonia-horizontal-negativo.png_0.webp\",\"contentUrl\":\"https:\/\/formacion-cataloniahotels.asmws.net\/wp-content\/uploads\/2026\/03\/logo-catalonia-horizontal-negativo.png_0.webp\",\"width\":1038,\"height\":79,\"caption\":\"ASMTCH Formaci\u00f3n\"},\"image\":{\"@id\":\"https:\/\/portalformacion.asmws.net\/#\/schema\/logo\/image\/\"}}]}<\/script>\n<!-- \/ Yoast SEO plugin. -->","yoast_head_json":{"title":"Llista de Cursos - Portal Formaci\u00f3n - Catalonia Hotels","robots":{"index":"noindex","follow":"follow","max-snippet":"max-snippet:-1","max-image-preview":"max-image-preview:large","max-video-preview":"max-video-preview:-1"},"og_locale":"ca_ES","og_type":"article","og_title":"Llista de Cursos - Portal Formaci\u00f3n - Catalonia Hotels","og_description":"&nbsp; Cursos Subvencionats Tots els cursos CuinaSalaVinsPastisseria i rebosteriaHostaleriaSostenibilitatAccessibilitatIdiomes per a l&#8217;hostaleriaOrganitzaci\u00f3 i gesti\u00f3Digitalitzaci\u00f3 i \u00fas de les xarxes socialsM\u00e0rqueting Situaci\u00f3 laboralAfectat\/ada EROCuidador\/a no professional(CPN)DesocupatERTOOcupat InscripcionsObertesPr\u00f2ximes HorariMat\u00edTarda DuradaMenys de 20 hores20-40 horesM\u00e9s de 40 hores &times; Cocina saludable Rep un av\u00eds al teu email quan s&#8217;obrin les inscripcions per aquest curs. Email Lorem ipsum dolor [...]Continua llegint... from Llista de Cursos","og_url":"https:\/\/portalformacion.asmws.net\/lista-de-cursos\/","og_site_name":"Portal Formaci\u00f3n - Catalonia Hotels","article_modified_time":"2025-05-27T07:47:57+00:00","twitter_card":"summary_large_image","twitter_misc":{"Temps estimat de lectura":"1 minut"},"schema":{"@context":"https:\/\/schema.org","@graph":[{"@type":"WebPage","@id":"https:\/\/portalformacion.asmws.net\/lista-de-cursos\/","url":"https:\/\/portalformacion.asmws.net\/lista-de-cursos\/","name":"Llista de Cursos - Portal Formaci\u00f3n - Catalonia Hotels","isPartOf":{"@id":"https:\/\/portalformacion.asmws.net\/#website"},"datePublished":"2022-07-26T23:19:52+00:00","dateModified":"2025-05-27T07:47:57+00:00","breadcrumb":{"@id":"https:\/\/portalformacion.asmws.net\/lista-de-cursos\/#breadcrumb"},"inLanguage":"ca","potentialAction":[{"@type":"ReadAction","target":["https:\/\/portalformacion.asmws.net\/lista-de-cursos\/"]}]},{"@type":"BreadcrumbList","@id":"https:\/\/portalformacion.asmws.net\/lista-de-cursos\/#breadcrumb","itemListElement":[{"@type":"ListItem","position":1,"name":"Portada","item":"https:\/\/portalformacion.asmws.net\/"},{"@type":"ListItem","position":2,"name":"Llista de Cursos"}]},{"@type":"WebSite","@id":"https:\/\/portalformacion.asmws.net\/#website","url":"https:\/\/portalformacion.asmws.net\/","name":"ASMTCH Formaci\u00f3n","description":"","publisher":{"@id":"https:\/\/portalformacion.asmws.net\/#organization"},"potentialAction":[{"@type":"SearchAction","target":{"@type":"EntryPoint","urlTemplate":"https:\/\/portalformacion.asmws.net\/?s={search_term_string}"},"query-input":{"@type":"PropertyValueSpecification","valueRequired":true,"valueName":"search_term_string"}}],"inLanguage":"ca"},{"@type":"Organization","@id":"https:\/\/portalformacion.asmws.net\/#organization","name":"ASMTCH Formaci\u00f3n","url":"https:\/\/portalformacion.asmws.net\/","logo":{"@type":"ImageObject","inLanguage":"ca","@id":"https:\/\/portalformacion.asmws.net\/#\/schema\/logo\/image\/","url":"https:\/\/formacion-cataloniahotels.asmws.net\/wp-content\/uploads\/2026\/03\/logo-catalonia-horizontal-negativo.png_0.webp","contentUrl":"https:\/\/formacion-cataloniahotels.asmws.net\/wp-content\/uploads\/2026\/03\/logo-catalonia-horizontal-negativo.png_0.webp","width":1038,"height":79,"caption":"ASMTCH Formaci\u00f3n"},"image":{"@id":"https:\/\/portalformacion.asmws.net\/#\/schema\/logo\/image\/"}}]}},"_links":{"self":[{"href":"https:\/\/formacion-cataloniahotels.asmws.net\/ca\/wp-json\/wp\/v2\/pages\/30902","targetHints":{"allow":["GET"]}}],"collection":[{"href":"https:\/\/formacion-cataloniahotels.asmws.net\/ca\/wp-json\/wp\/v2\/pages"}],"about":[{"href":"https:\/\/formacion-cataloniahotels.asmws.net\/ca\/wp-json\/wp\/v2\/types\/page"}],"author":[{"embeddable":true,"href":"https:\/\/formacion-cataloniahotels.asmws.net\/ca\/wp-json\/wp\/v2\/users\/5"}],"replies":[{"embeddable":true,"href":"https:\/\/formacion-cataloniahotels.asmws.net\/ca\/wp-json\/wp\/v2\/comments?post=30902"}],"version-history":[{"count":67,"href":"https:\/\/formacion-cataloniahotels.asmws.net\/ca\/wp-json\/wp\/v2\/pages\/30902\/revisions"}],"predecessor-version":[{"id":2556416,"href":"https:\/\/formacion-cataloniahotels.asmws.net\/ca\/wp-json\/wp\/v2\/pages\/30902\/revisions\/2556416"}],"wp:attachment":[{"href":"https:\/\/formacion-cataloniahotels.asmws.net\/ca\/wp-json\/wp\/v2\/media?parent=30902"}],"curies":[{"name":"wp","href":"https:\/\/api.w.org\/{rel}","templated":true}]}}